{"id":949,"date":"2018-07-19T23:40:01","date_gmt":"2018-07-19T21:40:01","guid":{"rendered":"http:\/\/www.ikea-billy-project.de\/?page_id=949"},"modified":"2018-07-31T12:27:10","modified_gmt":"2018-07-31T10:27:10","slug":"schritt-12-wandlampe-installieren","status":"publish","type":"page","link":"https:\/\/www.ikea-billy-project.de\/?page_id=949","title":{"rendered":"Schritt 12 &#8211; Bilderleuchte installieren"},"content":{"rendered":"<p>Von Anfang an stand fest, dass ein gro\u00dfes Bild in der Nische zwischen den Regalen seinen Platz finden soll. Es stand auch fest, dass das Bild irgendwie in Szene gesetzt werden muss. Nach einigen Experimenten mit Spots war schnell klar, dass diese f\u00fcr eine akzentuierte Bilderbeleuchtung nicht geeignet sind &#8211; zumindest nicht wenn diese nur mit geringem Abstand zum Bild von oben senkrecht hinunter strahlen (Montageption im Deckel der Nische).<\/p>\n<p>So kam ich auf eine klassische Bilderleuchte. Schnell war ein passendes Exemplar bei Ebaykleinanzeigen gefunden, die allerdings ihre besten Zeiten hinter sich hatte. Die Messing-Bilderleuchte hatte eine dicke Patina angesetzt, zudem musste die Elektrik (Lampenfassungen und Anschlussleitungen) erneuert werden. Nach dem m\u00fchevollen Polieren aller Teile erstrahlte zumindest das Messing schon wieder im alten Glanz. Nach dem Polieren wurde die Lampe mit einem speziellen Klarlack (Branths Kristall-Glasur) f\u00fcr Metall versiegelt, so dass ein nachpolieren sich in der Zukunft er\u00fcbrigt.<\/p>\nngg_shortcode_0_placeholder\n<p>Wie auf den Bildern oben zu sehen ist, wurden die alten Lampenfassungen komplett entfernt und anschlie\u00dfend eine neue Zuleitung installiert und&nbsp; ein LED Strip installiert. Die Wahl fiel auf einen 5730 300 in 24V von Neonica mit einem CRI von 95 (warm white, 1760 lm\/m). Der hohe CRI ist angenehm, um die Farben der Bilder druckgerecht wiederzugeben. Diesen LED Streifen hatte ich noch von Lichtinstallation der K\u00fcche \u00fcbrig, aber er ist auch perfekt f\u00fcr diese Anwendung.<\/p>\n<p>Schlie\u00dflich stand die Montage an der Wand an. Zun\u00e4chst wurde die Montageh\u00f6he und dadurch die Bohrlochh\u00f6he bestimmt. Da durch einen Lampenausleger das Anschlusskabel verdeckt gef\u00fchrt ist, wurde diese Bohrung zuerst erstellt. Wer sich jetzt fragt, wie man ein Kabel durch ein gerade so passendes Loch hinter der R\u00fcckwand nach oben auf die Regale f\u00fchrt, dem sei geholfen.<\/p>\n<p>Im ersten Schritt bohrt man das Loch, durch welches das Kabel gef\u00fchrt wird. Anschlie\u00dfend wird von oben ein St\u00fcck Angelschnur, an die am Ende ein rundes Angelblei angeknotet ist, hinter der Konstruktuion hinabgelassen. Durch das Loch wird eine &#8222;K\u00f6dernadel&#8220; gesteckt. Dies ist eine d\u00fcnnes St\u00fcck Metall mit einer Spitze auf der einen und einer \u00d6se auf der anderen Seite. Interessant ist hier die Seite mit der \u00d6se. Die \u00d6se wird ge\u00f6ffnet und die Nadel bis zum Anschlag in das Loch eingef\u00fchrt. Bewegt man jetzt von oben die Schnur mit dem Blei am Ende nach links und\/oder rechts, so wird die Schnur schnell Kontakt mit der K\u00f6dernadel haben. Die Schnur wird seitlich auf Spannung zur Nadel gehalten. Zieht man jetzt die Nadel mit der \u00d6se aus dem Loch, sollte schon beim ersten Versuch die eingefangene Angelschnur mit aus dem Loch gezogen werden (ansonsten einfach ein paar Mal probieren, es ist ganz einfach). An die Angelschnur wird schlie\u00dflich die Anschussleitung befestigt und mit der Angelschnur durch das Loch nach oben auf die Regal gezogen. Leider gibt es von dieser Aktion keine Bilder &#8211; hier war ich nachl\u00e4ssig.<\/p>\n<p>Mit einem&nbsp; auf die H\u00f6he der Halterungen eingestellten Laser geht die Montage schnell und sicher von der Hand. Die Laserlinie wird auf die Mitte der L\u00f6cher in den Halterungen eingestellt.<\/p>\nngg_shortcode_1_placeholder\n<p>Als letztes &#8222;finales&#8220; optisches Element habe ich einige Tage nach der Montage noch die Schrauben gegen Messingschrauben ausgetauscht (bei der Montage waren keine anderen zur Hand), die im letzten Bild zu sehen sind. Es soll ja alles stimmig sein.<\/p>\n<p>Jetzt fehlte nur noch das Bild. Der eine oder andere Mag sich vielleicht schon \u00fcber das Bild im Sketchup-Modell gewundert haben. Dieses diente nur als Plathalter. Ich war schon immer Bewunderer des Bildes &#8222;<span class=\"st\">Die Schule von Athen&#8220;&nbsp; (La scuola di Atene)&nbsp; des Malers Raffael. Die Zeit schient jetzt g\u00fcnstig, diesem Bild das passende Umfeld zu geben. So erwarb ich kurzerhand das Gem\u00e4lde auf Leinwand und besorgte noch einen passenden Rahmen.<br \/>\n<\/span><\/p>\nngg_shortcode_2_placeholder\n","protected":false},"excerpt":{"rendered":"<p>Von Anfang an stand fest, dass ein gro\u00dfes Bild in der Nische zwischen den Regalen seinen Platz finden soll. Es stand auch fest, dass das Bild irgendwie in Szene gesetzt werden muss. Nach einigen Experimenten mit Spots war schnell klar, dass diese f\u00fcr eine akzentuierte Bilderbeleuchtung nicht geeignet sind &#8211; zumindest nicht wenn diese nur [&hellip;]<\/p>\n","protected":false},"author":1,"featured_media":1002,"parent":0,"menu_order":120,"comment_status":"open","ping_status":"closed","template":"","meta":{"ngg_post_thumbnail":0,"footnotes":""},"class_list":["post-949","page","type-page","status-publish","has-post-thumbnail","czr-hentry"],"_links":{"self":[{"href":"https:\/\/www.ikea-billy-project.de\/index.php?rest_route=\/wp\/v2\/pages\/949","targetHints":{"allow":["GET"]}}],"collection":[{"href":"https:\/\/www.ikea-billy-project.de\/index.php?rest_route=\/wp\/v2\/pages"}],"about":[{"href":"https:\/\/www.ikea-billy-project.de\/index.php?rest_route=\/wp\/v2\/types\/page"}],"author":[{"embeddable":true,"href":"https:\/\/www.ikea-billy-project.de\/index.php?rest_route=\/wp\/v2\/users\/1"}],"replies":[{"embeddable":true,"href":"https:\/\/www.ikea-billy-project.de\/index.php?rest_route=%2Fwp%2Fv2%2Fcomments&post=949"}],"version-history":[{"count":26,"href":"https:\/\/www.ikea-billy-project.de\/index.php?rest_route=\/wp\/v2\/pages\/949\/revisions"}],"predecessor-version":[{"id":1183,"href":"https:\/\/www.ikea-billy-project.de\/index.php?rest_route=\/wp\/v2\/pages\/949\/revisions\/1183"}],"wp:featuredmedia":[{"embeddable":true,"href":"https:\/\/www.ikea-billy-project.de\/index.php?rest_route=\/wp\/v2\/media\/1002"}],"wp:attachment":[{"href":"https:\/\/www.ikea-billy-project.de\/index.php?rest_route=%2Fwp%2Fv2%2Fmedia&parent=949"}],"curies":[{"name":"wp","href":"https:\/\/api.w.org\/{rel}","templated":true}]}}