{"id":895,"date":"2018-07-16T01:01:23","date_gmt":"2018-07-15T23:01:23","guid":{"rendered":"http:\/\/www.ikea-billy-project.de\/?page_id=895"},"modified":"2018-07-31T12:27:10","modified_gmt":"2018-07-31T10:27:10","slug":"schritt-11-kranzbeleuchtung","status":"publish","type":"page","link":"https:\/\/www.ikea-billy-project.de\/?page_id=895","title":{"rendered":"Schritt 11 &#8211; Kranzbeleuchtung"},"content":{"rendered":"<p>Relativ spontan entschied ich nach Fertigstellung der Kranzleiste diese mittels einer Beleuchtung in Szene zu setzen. Dazu wird zun\u00e4chst ein preisg\u00fcnstiges LED-Profil (Alu-Profil-S mit Abdeckung opal), denn das Profil ist nicht sichtbar und dient nur der K\u00fchlung und dem Schutz gegen Verstauben und anderen mechnischen Einfl\u00fcssen, \u00fcber 5 Meter L\u00e4nge direkt hinter der Kranzleiste montiert. Es sind zwei St\u00fccke von zwei Metern und ein St\u00fcck von einem Meter L\u00e4nge. Die St\u00fcckelung hat wieder praktische Gr\u00fcnde, sie reduziert die Versandkosten (\u00fcber zwei Meter L\u00e4nge Sperrgut) und erleichtert das Handling.<\/p>\n<p>Als Beleuchtung kommt wieder ein LED Strip vom Typ 3528-300 in 24V, in der Lichtfarbe warm-wei\u00df mit 4,8 Watt pro Meter zum EInsatz. Der LED Streifen wird komplett als 5 Meter St\u00fcck installiert. Eine Messung am Ende des 5 Meter LED-Streifens nach einer Verkabelungsstrecke von ca 10 Metern mit einer Zuleitung in 2,5 mm\u00b2 ergab eine Spannung von 22,8 V. Der Spannungsabfall betr\u00e4gt also 6%. Dies ist in dem hier gesezeigten Anwendungsfall vernachl\u00e4ssigbar, da nicht mal mit blo\u00dfem Auge in Form einer Helligkeitsreduzierung sichtbar. Zudem ist die Kranzbeleuchtung voll aufedimmt viel zu hell. Die LED-Streifen k\u00f6nnen grunds\u00e4tzlich beidseitig angeschlossen werden, um Spannungsverluste innerhalb des Streifens \u00fcber gro\u00dfe L\u00e4ngen auszugleichen. Bei den Nenica Streifen ist da aber nicht notwendig, da offensichtlich gut dimensionierte Leiterbahnen aus Kupfer verwendet werden. Billige Produkte aus fern\u00f6stlicher Produktion k\u00f6nnen durchaus Leiterbahnen aus anderen Materialien haben.<\/p>\nngg_shortcode_0_placeholder\n<p>&nbsp;<\/p>\nngg_shortcode_1_placeholder\n","protected":false},"excerpt":{"rendered":"<p>Relativ spontan entschied ich nach Fertigstellung der Kranzleiste diese mittels einer Beleuchtung in Szene zu setzen. Dazu wird zun\u00e4chst ein preisg\u00fcnstiges LED-Profil (Alu-Profil-S mit Abdeckung opal), denn das Profil ist nicht sichtbar und dient nur der K\u00fchlung und dem Schutz gegen Verstauben und anderen mechnischen Einfl\u00fcssen, \u00fcber 5 Meter L\u00e4nge direkt hinter der Kranzleiste montiert. [&hellip;]<\/p>\n","protected":false},"author":1,"featured_media":943,"parent":0,"menu_order":110,"comment_status":"open","ping_status":"closed","template":"","meta":{"ngg_post_thumbnail":0,"footnotes":""},"class_list":["post-895","page","type-page","status-publish","has-post-thumbnail","czr-hentry"],"_links":{"self":[{"href":"https:\/\/www.ikea-billy-project.de\/index.php?rest_route=\/wp\/v2\/pages\/895","targetHints":{"allow":["GET"]}}],"collection":[{"href":"https:\/\/www.ikea-billy-project.de\/index.php?rest_route=\/wp\/v2\/pages"}],"about":[{"href":"https:\/\/www.ikea-billy-project.de\/index.php?rest_route=\/wp\/v2\/types\/page"}],"author":[{"embeddable":true,"href":"https:\/\/www.ikea-billy-project.de\/index.php?rest_route=\/wp\/v2\/users\/1"}],"replies":[{"embeddable":true,"href":"https:\/\/www.ikea-billy-project.de\/index.php?rest_route=%2Fwp%2Fv2%2Fcomments&post=895"}],"version-history":[{"count":6,"href":"https:\/\/www.ikea-billy-project.de\/index.php?rest_route=\/wp\/v2\/pages\/895\/revisions"}],"predecessor-version":[{"id":1181,"href":"https:\/\/www.ikea-billy-project.de\/index.php?rest_route=\/wp\/v2\/pages\/895\/revisions\/1181"}],"wp:featuredmedia":[{"embeddable":true,"href":"https:\/\/www.ikea-billy-project.de\/index.php?rest_route=\/wp\/v2\/media\/943"}],"wp:attachment":[{"href":"https:\/\/www.ikea-billy-project.de\/index.php?rest_route=%2Fwp%2Fv2%2Fmedia&parent=895"}],"curies":[{"name":"wp","href":"https:\/\/api.w.org\/{rel}","templated":true}]}}