{"id":760,"date":"2018-07-13T22:21:09","date_gmt":"2018-07-13T20:21:09","guid":{"rendered":"http:\/\/www.ikea-billy-project.de\/?page_id=760"},"modified":"2018-07-31T12:27:10","modified_gmt":"2018-07-31T10:27:10","slug":"schritt-9-der-sockel","status":"publish","type":"page","link":"https:\/\/www.ikea-billy-project.de\/?page_id=760","title":{"rendered":"Schritt 9 &#8211; der Sockel"},"content":{"rendered":"<p>Aufgrund der Regalerh\u00f6hung, gezeigt in <a href=\"http:\/\/www.ikea-billy-project.de\/?page_id=132\">Schritt 2<\/a>, muss der erh\u00f6hte Sockel verkleidet werden. Im Vorfeld wurde dies so geplant, dass eine 140mm Sockelleiste in der H\u00f6he perfekt passen wird um einerseits die Konstruktion der Erh\u00f6hung zu verdecken und andererseits nicht mit den T\u00fcren des Regals sp\u00e4ter in Konflikt steht.<\/p>\n<p>Die Sockelleiste ist im Rohzustand mit einer wei\u00dfen Grundierfolie versehen. Die Sockelleisten wurden zun\u00e4chst alle zurecht geschnitten und anschlie\u00dfend lackiert. Leider kann selbst die gro\u00dfe Metabo KGS 305 M keine 140 mm Sockelleisten bei vertikalem Schnitt zuschneiden. Die Schnitte mit flach gelegten Sockelleisten sind meist nicht pr\u00e4zise, so dass nach der Montage mehrmals gespachtelt und geschliffen werden muss um die Unzul\u00e4nglichkeiten des Zuschnittes zu kaschieren.<\/p>\nngg_shortcode_0_placeholder\n<p>Nach den Spachtelarbeiten und letztmaligem Feinschliff werden die Stellen \u00fcberlackiert. Als n\u00e4chstes wird der Spalt zwischen Sockelleisten und Korpusmittelteil geschlossen. Der Spalt r\u00fchrt daher, dass die Seitenw\u00e4nde des Billyregals leicht vorgesetzt sind. Mit dem richtigen Werkzeug geht das ausfugen des Spaltes mit Acryl kinderleicht. Dazu wird ein Abziehwerkzeug mit ausgebildeteter 90\u00b0 Ecke, Acryl und Gl\u00e4ttemittel ben\u00f6tigt. Von der Verwendung von Sp\u00fclmittel als Gl\u00e4ttemittel ist abzusehen, da dieses die Acrylnaht zum einen verf\u00e4rben kann und zum anderen das Acryl&nbsp; nicht so sauber von anderen Bauteilen trennt als das Gl\u00e4ttemittel (man muss es selbst ausprobieren um den Unterschied zu bemerken).<\/p>\nngg_shortcode_1_placeholder\n<p>Das Endergebnis ist zufriedenstellend. Der Sockel hat wenige Millimeter Luft nach oben zu den T\u00fcren und passt stimmig in das Gesamtbild.<\/p>\nngg_shortcode_2_placeholder\n","protected":false},"excerpt":{"rendered":"<p>Aufgrund der Regalerh\u00f6hung, gezeigt in Schritt 2, muss der erh\u00f6hte Sockel verkleidet werden. Im Vorfeld wurde dies so geplant, dass eine 140mm Sockelleiste in der H\u00f6he perfekt passen wird um einerseits die Konstruktion der Erh\u00f6hung zu verdecken und andererseits nicht mit den T\u00fcren des Regals sp\u00e4ter in Konflikt steht. Die Sockelleiste ist im Rohzustand mit [&hellip;]<\/p>\n","protected":false},"author":1,"featured_media":1040,"parent":0,"menu_order":90,"comment_status":"open","ping_status":"closed","template":"","meta":{"ngg_post_thumbnail":0,"footnotes":""},"class_list":["post-760","page","type-page","status-publish","has-post-thumbnail","czr-hentry"],"_links":{"self":[{"href":"https:\/\/www.ikea-billy-project.de\/index.php?rest_route=\/wp\/v2\/pages\/760","targetHints":{"allow":["GET"]}}],"collection":[{"href":"https:\/\/www.ikea-billy-project.de\/index.php?rest_route=\/wp\/v2\/pages"}],"about":[{"href":"https:\/\/www.ikea-billy-project.de\/index.php?rest_route=\/wp\/v2\/types\/page"}],"author":[{"embeddable":true,"href":"https:\/\/www.ikea-billy-project.de\/index.php?rest_route=\/wp\/v2\/users\/1"}],"replies":[{"embeddable":true,"href":"https:\/\/www.ikea-billy-project.de\/index.php?rest_route=%2Fwp%2Fv2%2Fcomments&post=760"}],"version-history":[{"count":7,"href":"https:\/\/www.ikea-billy-project.de\/index.php?rest_route=\/wp\/v2\/pages\/760\/revisions"}],"predecessor-version":[{"id":763,"href":"https:\/\/www.ikea-billy-project.de\/index.php?rest_route=\/wp\/v2\/pages\/760\/revisions\/763"}],"wp:featuredmedia":[{"embeddable":true,"href":"https:\/\/www.ikea-billy-project.de\/index.php?rest_route=\/wp\/v2\/media\/1040"}],"wp:attachment":[{"href":"https:\/\/www.ikea-billy-project.de\/index.php?rest_route=%2Fwp%2Fv2%2Fmedia&parent=760"}],"curies":[{"name":"wp","href":"https:\/\/api.w.org\/{rel}","templated":true}]}}