{"id":690,"date":"2018-07-13T20:53:26","date_gmt":"2018-07-13T18:53:26","guid":{"rendered":"http:\/\/www.ikea-billy-project.de\/?page_id=690"},"modified":"2018-07-31T12:27:10","modified_gmt":"2018-07-31T10:27:10","slug":"schritt-8-aufhaengung-der-regale-lastabtrag","status":"publish","type":"page","link":"https:\/\/www.ikea-billy-project.de\/?page_id=690","title":{"rendered":"Schritt 8 &#8211; Aufh\u00e4ngung der Regale &#8211; Lastabtrag"},"content":{"rendered":"<p>Der freischwebenden Regalreihe aus Billy Aufsatzregalen muss trotz der 30 mm Multiplexplatte hinsichtlich der statischen Belastung besondere Aufmerksamkeit geschenkt werden. Hier geht es auch darum, das Gewicht nicht lediglich \u00fcber die zwei Aufsatzregale abzutragen, die rechts und links auf jeweils&nbsp; einem 202 cm hohen Korpus aufgesezt sind. Die roten Pfeile im untenstehenden Bild zeigen den Lastabtrag \u00fcber die Verbindung der frei schwebenen Regalreihe zu den normal hohen Billy Regalen. Um den Lastabtrag&nbsp; zu optimieren werden drei zus\u00e4tzliche Aufh\u00e4ngepunkte geschaffen, im Bild dargestellt durch die gr\u00fcnen Pfeile.<\/p>\nngg_shortcode_0_placeholder\n<p>Die Aufh\u00e4ngung wird realisiert durch drei Alu-Flachprofile die mit den entsprechenden Abemessungen sehr stabil sind.<\/p>\nngg_shortcode_1_placeholder\n<p>Nach dem Abl\u00e4ngen werden in die Profile Bohrungen erstellt und nachgesenkt. Ein Wort zu dem Werkzeug: Ich habe im Laufe der letzten Jahre einige Erfahrung mit schlechtem und gutem Werkzeug gesammelt. So etwa&nbsp; Metallbohrer von Bosch probiert die ein&nbsp; Krampf waren, Senker aus Fernost versucht f\u00fcr die Rundlauf ein Fremdwort war. Die Produkte, die ich zeige und erw\u00e4hne, haben sich bew\u00e4hrt. Die W\u00fcrth Metallbohrer sind super scharf und \u00fcbrigens gar nicht so hochpreisig wie zu vermuten. Mit dem richtigen Werkzeug f\u00e4llt die Arbeit viel leichter &#8211; ohne hingegen kann sie zum Kampf werden.<\/p>\nngg_shortcode_2_placeholder\n<p>An drei definierten Stellen werden die Flachprofile direkt in die Multiplexplatte geschraubt (das vorbohren ist zwingend). Die Flachprofile stehen \u00fcber dem letzten Korpus oben ca. 6 cm \u00fcber und haben mittig eine 8 mm Bohrung. Mit einem langen Hammerbohrer wurde eine Durchgangsbohrung durch das Mauerwerk erstellt und anschlie\u00dfend wurden die Profile an einer Gewindestange befestigt. Es empfiehlt es sich, die frei schwebende Regalreihe von unten etwas zu entlasten (St\u00fctzen), bevor die Bohrung im Mauerwerk angzeichnet und erstellt wird.<\/p>\nngg_shortcode_3_placeholder\n<p>Mit der so realisierten zus\u00e4tzlichen Aufh\u00e4ngung ist die Konstruktion statisch auf der sicheren Seite. Die Aufh\u00e4nger sichern die gesamte Regalwand auch noch zus\u00e4tzlich gegen ein Kippen.<\/p>\n<p>Auf den Bildern sind noch die Schraubpunkte der Multiplex-Bodenplatte zu sehen, \u00fcber welche diese mit den Korpussen der Aufsatzregale verbunden ist. Diese Schraubenreihen m\u00fcssen noch mit einem Blendprofil \u00fcberdeckt werden. Das Blendprofil soll zudem den Wandanschluss herstellen. Wieder kommt ein Stuckprofil aus Polyurethan zum Einsatz, welches die Konstruktion auch optisch aufwerten soll. Zun\u00e4chst muss das Profil (wie alle Polyurethan Profile) etwas plan geschliffen und lackiert werden. Auch nach dem letzten Anstrich sollten die Profile auf der R\u00fcckseite nochmals kurz geschliffen werden, da meistens etwas Farbe auf die R\u00fcckseite l\u00e4uft.<\/p>\nngg_shortcode_4_placeholder\n<p>Anschlie\u00dfend werden die Profile mit speziellem Profilkleber (Titan Super) angeklebt. Nachdem der Kleber getrocknet ist werden die Fugen zur Wand und die Kanten von den Profilen zur Bodenplatte (hier nur eine 3mm Naht) it Acryl ausgefugt. Die Wandanschlussfugen werden nach dem trocknen mit dem gleichen Farbe der Wand \u00fcberstrichen.<\/p>\nngg_shortcode_5_placeholder\n<p>Die Regalkombination ist jetzt mit dem Profil optisch ansprechend in den Wohnraum integriert.<\/p>\n","protected":false},"excerpt":{"rendered":"<p>Der freischwebenden Regalreihe aus Billy Aufsatzregalen muss trotz der 30 mm Multiplexplatte hinsichtlich der statischen Belastung besondere Aufmerksamkeit geschenkt werden. Hier geht es auch darum, das Gewicht nicht lediglich \u00fcber die zwei Aufsatzregale abzutragen, die rechts und links auf jeweils&nbsp; einem 202 cm hohen Korpus aufgesezt sind. Die roten Pfeile im untenstehenden Bild zeigen den [&hellip;]<\/p>\n","protected":false},"author":1,"featured_media":1038,"parent":0,"menu_order":80,"comment_status":"open","ping_status":"closed","template":"","meta":{"ngg_post_thumbnail":0,"footnotes":""},"class_list":["post-690","page","type-page","status-publish","has-post-thumbnail","czr-hentry"],"_links":{"self":[{"href":"https:\/\/www.ikea-billy-project.de\/index.php?rest_route=\/wp\/v2\/pages\/690","targetHints":{"allow":["GET"]}}],"collection":[{"href":"https:\/\/www.ikea-billy-project.de\/index.php?rest_route=\/wp\/v2\/pages"}],"about":[{"href":"https:\/\/www.ikea-billy-project.de\/index.php?rest_route=\/wp\/v2\/types\/page"}],"author":[{"embeddable":true,"href":"https:\/\/www.ikea-billy-project.de\/index.php?rest_route=\/wp\/v2\/users\/1"}],"replies":[{"embeddable":true,"href":"https:\/\/www.ikea-billy-project.de\/index.php?rest_route=%2Fwp%2Fv2%2Fcomments&post=690"}],"version-history":[{"count":25,"href":"https:\/\/www.ikea-billy-project.de\/index.php?rest_route=\/wp\/v2\/pages\/690\/revisions"}],"predecessor-version":[{"id":698,"href":"https:\/\/www.ikea-billy-project.de\/index.php?rest_route=\/wp\/v2\/pages\/690\/revisions\/698"}],"wp:featuredmedia":[{"embeddable":true,"href":"https:\/\/www.ikea-billy-project.de\/index.php?rest_route=\/wp\/v2\/media\/1038"}],"wp:attachment":[{"href":"https:\/\/www.ikea-billy-project.de\/index.php?rest_route=%2Fwp%2Fv2%2Fmedia&parent=690"}],"curies":[{"name":"wp","href":"https:\/\/api.w.org\/{rel}","templated":true}]}}