{"id":604,"date":"2018-07-13T01:07:37","date_gmt":"2018-07-12T23:07:37","guid":{"rendered":"http:\/\/www.ikea-billy-project.de\/?page_id=604"},"modified":"2018-07-31T12:27:10","modified_gmt":"2018-07-31T10:27:10","slug":"schritt-7-rueckwand","status":"publish","type":"page","link":"https:\/\/www.ikea-billy-project.de\/?page_id=604","title":{"rendered":"Schritt 6 &#8211; R\u00fcckwand"},"content":{"rendered":"<p>Nachem die einzelnen Billy Regale miteinander verbunden sind, schickt es sich an, die Nische zu schlie\u00dfen. Als &#8222;Deckel&#8220; kommt eine zugeschnitte Spannplatte in 18 mm zum Einsatz. Auf die Spanplatte werden vor dem aufsetzen an jeder Seite zwei kleine Auschnitte aus einer Multiplexplatte geschraubt. Mit Hilfe der \u00fcberstehenden Kl\u00f6tzchen kann der Deckel dann augesetzt werden. Abschlie\u00dfend werden zur Fixierung noch kleine Schrauben von oben durch die Kl\u00f6tzchen in die Billy Regale eingeschraubt.<\/p>\nngg_shortcode_0_placeholder\n<p>Auf dem obenstehenden Bild sieht man schon die Regalwand mit aufgesetzter Spanplatte als oberen Abschluss f\u00fcr die Nische und die beplankte,verspachtelte und geschliffene R\u00fcckwand. Leider sind einige Bilder vom erstellen der R\u00fcckwand aufgrund eines Speicherkarten Crashs verlorgen gegangen. Die R\u00fcckwand zu erstellen ist jedoch sehr einfach. Zun\u00e4chst werden unten und oben&nbsp; UD 28\/27 Deckenprofile angeschraubt (eine Laser ist auch dabei sehr hilfreich). Danach werden die CD 60\/27 Profile auf L\u00e4nge gek\u00fcrzt (Blechschere) und in die UD-Profile eingestellt. Nach dem Ausrichten der Profile kann mit dem Beplanken begonnen werden. Hier wurde zun\u00e4chst mit 18mm OSB-Platten beplankt um einen stabilen Tr\u00e4ger f\u00fcr Aufh\u00e4ngungen zu haben. Auf die OSB-Platten wurden dann Gibskartonplatten geschraubt. Es ist das bew\u00e4hrte System aus dem Trockenbau. Die Gr\u00fcnen Gipskartonplatten h\u00e4tten es nicht sein m\u00fcssen, der lokale Baumarkt hatte aber gerade keine anderen.<\/p>\n<p>Auf dem untenstehenden Bild sieht man die bereits einmal vorgestrichene R\u00fcckwand, welche zuvor mit Tiefengrund behandelt wurde (nach dem Schleifen und Spachteln ein Muss). Au\u00dferdem wurde mit einer Lochs\u00e4ge ein Ausschnitt erstellt, in dem eine Kabeldurchf\u00fchrung eingesetzt werden kann ( wird etwa f\u00fcr eine TV Wandmontage ben\u00f6tigt). Der Ausschnitt wird aber nur im Bedarfsfall aktiviert und sp\u00e4ter zugespachtelt.<\/p>\nngg_shortcode_1_placeholder\n<p>Vor dem zweiten Anstrich wurden umlaufend als Einrahmung und zum verdecken kleinerer Fugen und Anschl\u00fcsse der R\u00fcckwand Stuckprofile aus Polyurethan angebracht. Profile aus Polyurethan sind hart und sto\u00dffest und lassen sich \u00e4hnlich wie Holz bearbeiten (schleifen und spachteln). Ich bestelle seit Jahren meine Stuck-Profile bei der Firma HEXIM im Onlineshop. Dort gibt es f\u00fcr fast jeden Anwendungsfall und Geschmack das passende Wand- und Deckenprofil.<\/p>\n<p>Im hier gezeigten Anwendungsfall wertet das Stuckprofil die Nische optisch stark auf.<\/p>\nngg_shortcode_2_placeholder\n<p>Nach mehrmaligen Streichen mit einem Schaumstoffroller ist die R\u00fcckwand schlie\u00dflich fertig. Andere Farbroller w\u00fcrden noch mehr Struktur in die Farbe bringen, was nicht erw\u00fcnscht ist. Ggf. soll die Nische sp\u00e4ter als Projektionsfl\u00e4che f\u00fcr einen Beamer genutzt werden. Daher sind grobe Strukturen auf der Wand nicht erw\u00fcnscht. Die Makroaufnahme zeigt, dass auch der Schaumstoffroller Strukturen hinterl\u00e4sst &#8211; das l\u00e4sst sich nicht vermeiden wird aber f\u00fcr eine Projektion mehr als ausreichend sein.<\/p>\nngg_shortcode_3_placeholder\n","protected":false},"excerpt":{"rendered":"<p>Nachem die einzelnen Billy Regale miteinander verbunden sind, schickt es sich an, die Nische zu schlie\u00dfen. Als &#8222;Deckel&#8220; kommt eine zugeschnitte Spannplatte in 18 mm zum Einsatz. Auf die Spanplatte werden vor dem aufsetzen an jeder Seite zwei kleine Auschnitte aus einer Multiplexplatte geschraubt. Mit Hilfe der \u00fcberstehenden Kl\u00f6tzchen kann der Deckel dann augesetzt werden. [&hellip;]<\/p>\n","protected":false},"author":1,"featured_media":689,"parent":0,"menu_order":59,"comment_status":"open","ping_status":"closed","template":"","meta":{"ngg_post_thumbnail":0,"footnotes":""},"class_list":["post-604","page","type-page","status-publish","has-post-thumbnail","czr-hentry"],"_links":{"self":[{"href":"https:\/\/www.ikea-billy-project.de\/index.php?rest_route=\/wp\/v2\/pages\/604","targetHints":{"allow":["GET"]}}],"collection":[{"href":"https:\/\/www.ikea-billy-project.de\/index.php?rest_route=\/wp\/v2\/pages"}],"about":[{"href":"https:\/\/www.ikea-billy-project.de\/index.php?rest_route=\/wp\/v2\/types\/page"}],"author":[{"embeddable":true,"href":"https:\/\/www.ikea-billy-project.de\/index.php?rest_route=\/wp\/v2\/users\/1"}],"replies":[{"embeddable":true,"href":"https:\/\/www.ikea-billy-project.de\/index.php?rest_route=%2Fwp%2Fv2%2Fcomments&post=604"}],"version-history":[{"count":17,"href":"https:\/\/www.ikea-billy-project.de\/index.php?rest_route=\/wp\/v2\/pages\/604\/revisions"}],"predecessor-version":[{"id":1213,"href":"https:\/\/www.ikea-billy-project.de\/index.php?rest_route=\/wp\/v2\/pages\/604\/revisions\/1213"}],"wp:featuredmedia":[{"embeddable":true,"href":"https:\/\/www.ikea-billy-project.de\/index.php?rest_route=\/wp\/v2\/media\/689"}],"wp:attachment":[{"href":"https:\/\/www.ikea-billy-project.de\/index.php?rest_route=%2Fwp%2Fv2%2Fmedia&parent=604"}],"curies":[{"name":"wp","href":"https:\/\/api.w.org\/{rel}","templated":true}]}}