{"id":424,"date":"2018-07-11T21:57:12","date_gmt":"2018-07-11T19:57:12","guid":{"rendered":"http:\/\/www.ikea-billy-project.de\/?page_id=424"},"modified":"2018-09-08T22:46:09","modified_gmt":"2018-09-08T20:46:09","slug":"schritt-6-verkabelung-fertig-stellen-und-verteiler-installieren","status":"publish","type":"page","link":"https:\/\/www.ikea-billy-project.de\/?page_id=424","title":{"rendered":"Schritt 7 &#8211; Verkabelung fertig stellen und Verteiler installieren"},"content":{"rendered":"<p>Bereits in der Planungsphase kann man sich \u00fcber weitere Einzelheiten f\u00fcr die&nbsp; Beleuchtung Gedanken machen. Das eine ist die Verkabelung und Installation der Beleuchtung direkt in den Regalf\u00e4chern, das andere ist die Leitungsf\u00fchrung hinter und auf dem Regalsystem sowie die Installation der Vorschaltger\u00e4te und Steuerungen f\u00fcr die Beleuchtungsanlage. Wir erinnern uns, dass 26 Zuleitungen hinter den Regalen rausgef\u00fchrt und schlie\u00dflich auf dem Regalsystem in Abzwegdosen zusammengef\u00fchrt werden m\u00fcssen.<\/p>\n<p><a href=\"http:\/\/www.ikea-billy-project.de\/?page_id=184\">Wir erinnen uns<\/a>: die Anschlussleitungen an den LED Streifen sind in 2&#215;0,75 mm\u00b2 ausgef\u00fchrt. Der Querschnitt von 0,75 mm\u00b2 ist ein guter Kompromiss aus Leitungsflexibilt\u00e4t und gen\u00fcgend Querschnitt um Spannungsverluste zu minimieren. Viel gr\u00f6\u00dfere Querschnitte lassen sich auch nur schwierig an die LED-Streifen anl\u00f6ten.<\/p>\n<p>Auf dem Regalsystem sind vier Abzweigdosen installiert. Die Abzweigdosen sind untereinander mit NYM 3&#215;1,5mm\u00b2 verdrahtet. Aus einer Abzweigedose geht es dann mit NYM 3&#215;2,5 mm\u00b2 und 5&#215;2,5 mm\u00b2 zum Verteiler, der auf dem Dachboden installiert ist. Im Verteiler sind die Vorschaltger\u00e4te und Steuerungselektronik verbaut. Das untenstehende Bild veranschaulicht nochmals schematisch die Verkabelung.<\/p>\nngg_shortcode_0_placeholder\n<p>Die Zuleitung vom Verteiler zur Abzweigdose muss mit 2,5 mm\u00b2 Leitung ausgef\u00fchrt werden, ansonsten w\u00e4re der Spannungsabfall zu gro\u00df. Nach VDE&nbsp;(IEC 60364-5-52 (VDE 0100-520 Anhang G)) sollte der Spannungsabfall nicht gr\u00f6\u00dfer als 4% der Nennspannung betragen. Die LED-Streifen werden mit 24 Volt betrieben, folglich sollte die Spannung am Ende des letzten Streifens nicht kleiner als 23,04 Volt sein. Das wird auch mit den vorgestellten Querschnitten, die sicherlich die wenigsten Installateure f\u00fcr LED-Streifen verwenden werden, realisierbar sein. Das ist f\u00fcr die sekund\u00e4rseite der Vorschaltger\u00e4te auch nicht weiter tragisch &#8211; der einzige Effekt der Auftritt ist, dass die Helligkeit der LED-Streifen am Ende einer Installationskette etwas abnehmen wird. Es sei vorweggenommen dass der gr\u00f6\u00dfte Spannungsabfall der Installation auf der 24V Leitung 6% betr\u00e4gt (also 22,8 V). Das ist f\u00fcr einen Beleuchungsstromkreis der in Kleinspannung ausgef\u00fchrt ist vernachl\u00e4ssigbar, da das menschliche Auge den Helligkeitsunterschied nicht wahrnehmen kann (das Helligkeitsempfinden ist logarithmisch, nicht linear).<\/p>\n<p>Untenstehende Bilder zeigen die Abzweigdosen auf dem Regalsystem.<\/p>\nngg_shortcode_1_placeholder\n<p>Es ist zu sehen, dass an den Abzweigdosen teilweise fast alle Eing\u00e4nge belegt sind. Die Zuleitungen sind entweder kurz vor der Abzeigdose zugentlastet oder direkt an der R\u00fcckwand des Billy Korpus mehrfach zugentlastet. Zum Verdrahten\/Verklemmen der Abzweigdose nehme ich ausschlie\u00dflich Wago 221 Verbindungsklemmen. Auch wenn hier der Haupteinsatzort der Klemme zu sehen ist, das verklemmen von Starrleitern und Litzen nehme ich diese Klemme grunds\u00e4tzlich auch im Rahmen der Hausinstallation in allen Abzweigdosen. Die Klemme hat den Vorteil, dass sie sehr kompakt ist und durch den kleinen Hebel sehr einfach umgeklemmt werden kann. Meiner Ansicht nach die beste Verbindunsklemme zur Verdrahtung von Abzweigdosen (andere Einsatzorte der Klemme: anklemmen von Leuchten, im Verteiler mit entsprechendem Hutschienen-Traghalter).<\/p>\n<p>Der Verteiler sitzt auf dem Dachboden an einer Wand &#8211; er ist das Herz der elektrischen Installation. Er ist etwas vorgesetzt, so dass ein freier R\u00fcckraum zum Abtransport der elektr. Verlustleistung in Form von W\u00e4rme gew\u00e4hrleistet ist. F\u00fcr den Abtransport der erw\u00e4rmten Luft wurde ein 120&#215;120 mm L\u00fcfter r\u00fcckseitig installiert (andernfalls w\u00e4re unter Vollast die vorgesehene maximal zul\u00e4ssige Verlustleistung f\u00fcr den Verteiler \u00fcberschritten). Der L\u00fcfterausschnitt ist passgenau zu erstellen und ein L\u00fcftungsgitter ist zu installieren. Hier kann auf Komponenten aus dem Hardwarebereich f\u00fcr Computer zur\u00fcckgegriffen werden (es sind die gleichen Standard 120mm L\u00fcfer die auch in Schaltschr\u00e4nken eingesetzt werden).<\/p>\n<p>Der Hager VA48CN Aufputzverteiler macht die Installation der Komponenten leicht. Er ist mit dieser Art der Installation auch vielmehr Schaltschrank als Verteiler. Es ist auf jedenfall &#8222;h\u00fcbscher&#8220; und ordentlicher als die Vorschaltger\u00e4te an ein Holzbrett an eine Wand zu schrauben, wie es des\u00f6fteren gesehen werden kann. Zudem sind die Ger\u00e4te im Verteiler gesch\u00fctzt installiert.<\/p>\nngg_shortcode_2_placeholder\n<p>Es kommen folgende Ger\u00e4te\/Materialien zum Einsatz, die auf den obenstehenden Bildern zu sehen sind:<\/p>\n<ul>\n<li>Hager Volta VA48CN mit Quick Connect Klemmen (der Phasenklemmstein ist nicht im Lieferumfang enthalten, genauso wie die Hager VZ408 Kabelabfangschiene) und mit T\u00fcre VA48T.<\/li>\n<li>Meanwell IDLV-45-24, dimmbar u.a. \u00fcber 1-10V, Flickerfreier Betrieb durch sehr hohe Frequenzen, es wird nur eine sehr geringe Mindestlast ben\u00f6tigt um dimmen zu k\u00f6nnen (kein Vergleich zu fr\u00fcheren Meanwell Netzteilen).<\/li>\n<li>Eltako FSG71\/1-10v, Funkaktor <span class=\"st\">Dimmschalter-Steuerger\u00e4t f\u00fcr EVG 1-10V<\/span>.<\/li>\n<li>\n<p id=\"title\" class=\"a-size-large a-spacing-none\"><span id=\"productTitle\" class=\"a-size-large\">Eltako Funk-Mini-Handsender,&nbsp; FMH8-RW.<\/span><\/p>\n<\/li>\n<li>BOPLA TSH 35 Hutschienenhalter. Genialer Hutschienentr\u00e4ger der sehr variabel eingesetzt werden kann. Die Vorschaltger\u00e4te und Aktoren sind auf eine Kunstofplatte geschraubt und diese ist wiederrum mit dem BOPLA Hutschienenhalter verschraubt. Es ist auf den Bildern kaum zu sehen &#8211; geniales Produkt um Ger\u00e4te Hutschienenkompatibel zu machen.<\/li>\n<li>Meanwell Netzteil 12V f\u00fcr den Betrieb des 12V L\u00fcfter 120x120mm<\/li>\n<li>12 Volt L\u00fcfter Fractal Design Silent Series R3 120mm, Geh\u00e4usel\u00fcfter; L\u00fcftergitter 120&#215;120.<\/li>\n<li>Wago 221 Verbindungsklemme und Wago Befestigungsadapter WAGO 221-500.<\/li>\n<\/ul>\n<p>Die Eltako Funkaktoren schalten und dimmen die Meanwell Vorschaltger\u00e4te. Das Eltako System hat mich begeistert. Es lassen sehr mehrere Sender auf einen Aktor einlernen. Die von mir genutze Fernbedieung vom Typ FMH8 ben\u00f6tig zudem keine Batterien &#8211; ganz clever erzeugt die Fernbedienung durch Tastendruck selbst die ben\u00f6tigte Energie um Funktelegramme zu senden (Piezoeffekt). Eigentlich hatte ich am Anfang gar nicht vorgesehen, mehr als zwei getrennt schaltbare Beleuchtungen zu installieren. Nach Fertigstellung der Regalwand testete ich, wie sich eine Kranzbeleuchtung macht und kam zu dem Entschluss, dass dies sehr gut aussieht. So ist die urspr\u00fcnglich geplante Installation noch etwas gewachsen. Die Bilder stellen die momentane Installation dar. Mittelfritig werde ich die Eltako FSG71\/1-10v wahrscheinlich gegen Eltako FAM14 mit FSG14\/1-10V (f\u00fcr die zentrale Installation schon vorgesehen) ersetzen, da die Installation durch ein weiteres Projekt weiter zu wachsen droht.<\/p>\n<p>Im Verteiler\/Schaltschrank sollten die Zuleitungen und Ger\u00e4tschaften beschriftet werden, um nicht selbst den \u00dcberblick zu verlieren und die Installation auch f\u00fcr Dritte nachvollziehbar zu machen. Es dient am Ende der Personen- und Ger\u00e4tesicherheit wenn alles identifiziert und korrekt verkabelt werden kann.<\/p>\n<figure class=\"wp-block-embed wp-block-embed-youtube is-type-video is-provider-youtube epyt-figure\"><div class=\"wp-block-embed__wrapper\"><iframe loading=\"lazy\"  id=\"_ytid_75606\"  width=\"1140\" height=\"855\"  data-origwidth=\"1140\" data-origheight=\"855\" src=\"https:\/\/www.youtube.com\/embed\/jUEfdTz7o3w?enablejsapi=1&autoplay=0&cc_load_policy=0&cc_lang_pref=&iv_load_policy=1&loop=0&modestbranding=0&rel=1&fs=1&playsinline=0&autohide=2&theme=dark&color=red&controls=1&\" class=\"__youtube_prefs__  no-lazyload\" title=\"YouTube player\"  allow=\"fullscreen; accelerometer; autoplay; clipboard-write; encrypted-media; gyroscope; picture-in-picture\" allowfullscreen data-no-lazy=\"1\" data-skipgform_ajax_framebjll=\"\"><\/iframe><\/div><\/figure>\n<p>Abschlie\u00dfender Hinweis: Arbeiten an der elektrischen Installation darf nur eine ausgebildete Fachkraft ausf\u00fchren!<\/p>\n","protected":false},"excerpt":{"rendered":"<p>Bereits in der Planungsphase kann man sich \u00fcber weitere Einzelheiten f\u00fcr die&nbsp; Beleuchtung Gedanken machen. Das eine ist die Verkabelung und Installation der Beleuchtung direkt in den Regalf\u00e4chern, das andere ist die Leitungsf\u00fchrung hinter und auf dem Regalsystem sowie die Installation der Vorschaltger\u00e4te und Steuerungen f\u00fcr die Beleuchtungsanlage. Wir erinnern uns, dass 26 Zuleitungen hinter [&hellip;]<\/p>\n","protected":false},"author":1,"featured_media":1034,"parent":0,"menu_order":60,"comment_status":"open","ping_status":"closed","template":"","meta":{"ngg_post_thumbnail":0,"footnotes":""},"class_list":["post-424","page","type-page","status-publish","has-post-thumbnail","czr-hentry"],"_links":{"self":[{"href":"https:\/\/www.ikea-billy-project.de\/index.php?rest_route=\/wp\/v2\/pages\/424","targetHints":{"allow":["GET"]}}],"collection":[{"href":"https:\/\/www.ikea-billy-project.de\/index.php?rest_route=\/wp\/v2\/pages"}],"about":[{"href":"https:\/\/www.ikea-billy-project.de\/index.php?rest_route=\/wp\/v2\/types\/page"}],"author":[{"embeddable":true,"href":"https:\/\/www.ikea-billy-project.de\/index.php?rest_route=\/wp\/v2\/users\/1"}],"replies":[{"embeddable":true,"href":"https:\/\/www.ikea-billy-project.de\/index.php?rest_route=%2Fwp%2Fv2%2Fcomments&post=424"}],"version-history":[{"count":59,"href":"https:\/\/www.ikea-billy-project.de\/index.php?rest_route=\/wp\/v2\/pages\/424\/revisions"}],"predecessor-version":[{"id":1317,"href":"https:\/\/www.ikea-billy-project.de\/index.php?rest_route=\/wp\/v2\/pages\/424\/revisions\/1317"}],"wp:featuredmedia":[{"embeddable":true,"href":"https:\/\/www.ikea-billy-project.de\/index.php?rest_route=\/wp\/v2\/media\/1034"}],"wp:attachment":[{"href":"https:\/\/www.ikea-billy-project.de\/index.php?rest_route=%2Fwp%2Fv2%2Fmedia&parent=424"}],"curies":[{"name":"wp","href":"https:\/\/api.w.org\/{rel}","templated":true}]}}