{"id":158,"date":"2018-07-09T02:18:51","date_gmt":"2018-07-09T00:18:51","guid":{"rendered":"http:\/\/www.ikea-billy-project.de\/?page_id=158"},"modified":"2018-07-31T13:50:00","modified_gmt":"2018-07-31T11:50:00","slug":"schritt-3-mittelteil-aufsetzen-und-verkabel","status":"publish","type":"page","link":"https:\/\/www.ikea-billy-project.de\/?page_id=158","title":{"rendered":"Schritt 3 &#8211; Mittelteil aufsetzen und f\u00fcr Verkabelung vorbereiten"},"content":{"rendered":"<p>Nachdem die freitragenden Billyaufsatzregale ihre Bodenplatte bekommen hatten und die 202 cm hohen Billy-Regale auf der rechten und linken Seite zurecht ger\u00fcckt waren, war das Aufsetzen ein Kinderspiel. Die beiden \u00e4u\u00dferen Aufsatzregale und B\u00f6den rasten sicher in die vorgesehenen M\u00f6belschl\u00f6sser ein, so dass diese verriegelt werden k\u00f6nnen. Danach wird das zweite Aufsatzregal von rechts noch mit dem \u00e4u\u00dferen rechten Aufsatzregal mittel M\u00f6belverbindern verschraubt. Zus\u00e4tzlich werden Metallwinkel zur Erh\u00f6hung der Stabilit\u00e4t angebracht. Dennoch ist die Konstruktion danach alles andere als kipp stabil, insbesondere weil eine Wandbefestigung in dieser Bauphase noch nicht vorhanden ist.<\/p>\nngg_shortcode_0_placeholder\n<p>Bevor eine weitere Reihe der Billy-Aufsatzregale aufgesetzt wurde, wurde zun\u00e4chst die erste obere Reihe f\u00fcr die vorgesehene Beleuchtung verbereitet, da dies zu diesem Zeitpunkt einfacher ist als in einer sp\u00e4teren Bauphase.<\/p>\n<p>Aus zwei Ikea-Kunststoffabdeckungen \u00e4lterer Art (meines Wissen von einem PAX-Kleiderschrank) wurden zun\u00e4chst zwei Bohrschablonen angefertigt, damit die Bohrungen definiert und immer an den gleichen stellen sitzen.&nbsp; Die Schablonen werden dann angesetzt und das Bohrloch mit dem Bohrer leicht markiert, danach wird etwa bis zur Sto\u00dfstelle der beiden Regalseitenw\u00e4nde gebohrt &#8211; auf keinen Fall mit einem Holzbohrer sofort durchbohren &#8211; denn dann w\u00fcrden die Sp\u00e4ne auf der anderen Seite unsch\u00f6n wegplatzen.<\/p>\n<p>Mit der Schablone wird jeweils von beiden Seiten angesetzt (daher zwei Schablonen), die Bohrll\u00f6cher treffen sich in der Mitte. Das Ergebnis sind auch in der Spanplatte saubere Bohrl\u00f6cher. Das Ma\u00df der Bohrung wurde so gew\u00e4hlt, dass ein 8mm LED Streifen durchpasst (Bohrung 9mm).<\/p>\nngg_shortcode_1_placeholder\n<p>Die Bohrungen wurden so nacheinander ausgef\u00fchrt.<\/p>\n<p>&nbsp;<\/p>\n","protected":false},"excerpt":{"rendered":"<p>Nachdem die freitragenden Billyaufsatzregale ihre Bodenplatte bekommen hatten und die 202 cm hohen Billy-Regale auf der rechten und linken Seite zurecht ger\u00fcckt waren, war das Aufsetzen ein Kinderspiel. Die beiden \u00e4u\u00dferen Aufsatzregale und B\u00f6den rasten sicher in die vorgesehenen M\u00f6belschl\u00f6sser ein, so dass diese verriegelt werden k\u00f6nnen. Danach wird das zweite Aufsatzregal von rechts noch [&hellip;]<\/p>\n","protected":false},"author":1,"featured_media":590,"parent":0,"menu_order":30,"comment_status":"open","ping_status":"closed","template":"","meta":{"ngg_post_thumbnail":0,"footnotes":""},"class_list":["post-158","page","type-page","status-publish","has-post-thumbnail","czr-hentry"],"_links":{"self":[{"href":"https:\/\/www.ikea-billy-project.de\/index.php?rest_route=\/wp\/v2\/pages\/158","targetHints":{"allow":["GET"]}}],"collection":[{"href":"https:\/\/www.ikea-billy-project.de\/index.php?rest_route=\/wp\/v2\/pages"}],"about":[{"href":"https:\/\/www.ikea-billy-project.de\/index.php?rest_route=\/wp\/v2\/types\/page"}],"author":[{"embeddable":true,"href":"https:\/\/www.ikea-billy-project.de\/index.php?rest_route=\/wp\/v2\/users\/1"}],"replies":[{"embeddable":true,"href":"https:\/\/www.ikea-billy-project.de\/index.php?rest_route=%2Fwp%2Fv2%2Fcomments&post=158"}],"version-history":[{"count":11,"href":"https:\/\/www.ikea-billy-project.de\/index.php?rest_route=\/wp\/v2\/pages\/158\/revisions"}],"predecessor-version":[{"id":1255,"href":"https:\/\/www.ikea-billy-project.de\/index.php?rest_route=\/wp\/v2\/pages\/158\/revisions\/1255"}],"wp:featuredmedia":[{"embeddable":true,"href":"https:\/\/www.ikea-billy-project.de\/index.php?rest_route=\/wp\/v2\/media\/590"}],"wp:attachment":[{"href":"https:\/\/www.ikea-billy-project.de\/index.php?rest_route=%2Fwp%2Fv2%2Fmedia&parent=158"}],"curies":[{"name":"wp","href":"https:\/\/api.w.org\/{rel}","templated":true}]}}