{"id":132,"date":"2018-07-09T00:56:36","date_gmt":"2018-07-08T22:56:36","guid":{"rendered":"http:\/\/www.ikea-billy-project.de\/?page_id=132"},"modified":"2018-07-31T12:27:10","modified_gmt":"2018-07-31T10:27:10","slug":"schritt-2-regale-erhoehen","status":"publish","type":"page","link":"https:\/\/www.ikea-billy-project.de\/?page_id=132","title":{"rendered":"Schritt 2 &#8211; Regale erh\u00f6hen"},"content":{"rendered":"<p>Nachdem ich soviel Gl\u00fcck hatte, dass das Breitenma\u00df der bauseitigen Situation f\u00fcr f\u00fcnf 40 cm Regale passt (der Druchgang also \u00fcber 200cm breit ist), musste die H\u00f6he der Regale angepasst werden, damit die Grundplatte der frei schwebenden Billy Aufsatzregale sp\u00e4ter leicht \u00fcber dem Niveau des Durchgangs liegt. Ben\u00f6tigt wurde eine H\u00f6he von 208 cm, da die Billy\u00b4s 202 cm hoch sind musste der Boden um 6 cm aufgedoppelt werden. Viel mehr als die 6 cm w\u00e4re auch schwer geworden mit einem Sockel zu kaschieren, bzw. w\u00e4re das Gesamtbild dann evtl. nicht mehr stimmig.<\/p>\n<p>Die Zuschnittsabteilungen der Baum\u00e4rkte haben zuweilen Reste von K\u00fcchenarbeitsplatten oder \u00e4hnliches vorr\u00e4tig, welche sie f\u00fcr kleines Geld auf Ma\u00df zuschneiden und verkaufen. Ich entschied mich f\u00fcr eine 40mm K\u00fcchenarbeitsplatte und eine 20mm Spanplatte zur Aufdoppelung der B\u00f6den der Regale. Wichtig: Die Plattenma\u00dfe etwa 2 mm umlaufend kleiner w\u00e4hlen als die jeweiligen Regalabmessungen, denn ein sp\u00e4teres \u00fcberstehen der Platten w\u00e4re sehr schlecht (und nicht auf Ikea Ma\u00dfangaben verlassen &#8211; immer selbst nachmessen!). Die Platten werden also ganz leicht zu den Kanten des Billy Regals zur\u00fcckversetzt unterseitig angeschraubt.<\/p>\n<p>Um den Parkett zu sch\u00fctzen und die Regale zumindest in der Bauphase verschieben zu k\u00f6nnen (wichtig) wurde nach dem Anschrauben der Platten noch ein selbstklebender, sehr stabilder KFZ-Klebefilz auf den Bodenplatten der Regale aufgeklebt. Der KFZ-Klebefilz ist Rollenware und relativ preiswert zu bekommen. Der Vorteil ist, dass dieser sehr leicht auf das ben\u00f6tigte Ma\u00df zugeschnitten werden kann und sehr gut klebt.<\/p>\nngg_shortcode_0_placeholder\n<p>In einem sp\u00e4teren Bauabschnitt wird der erh\u00f6hte Sockel mit einer klassischen 140 mm Sockelleiste verkleidet.<\/p>\n","protected":false},"excerpt":{"rendered":"<p>Nachdem ich soviel Gl\u00fcck hatte, dass das Breitenma\u00df der bauseitigen Situation f\u00fcr f\u00fcnf 40 cm Regale passt (der Druchgang also \u00fcber 200cm breit ist), musste die H\u00f6he der Regale angepasst werden, damit die Grundplatte der frei schwebenden Billy Aufsatzregale sp\u00e4ter leicht \u00fcber dem Niveau des Durchgangs liegt. Ben\u00f6tigt wurde eine H\u00f6he von 208 cm, da [&hellip;]<\/p>\n","protected":false},"author":1,"featured_media":602,"parent":0,"menu_order":20,"comment_status":"open","ping_status":"closed","template":"","meta":{"ngg_post_thumbnail":0,"footnotes":""},"class_list":["post-132","page","type-page","status-publish","has-post-thumbnail","czr-hentry"],"_links":{"self":[{"href":"https:\/\/www.ikea-billy-project.de\/index.php?rest_route=\/wp\/v2\/pages\/132","targetHints":{"allow":["GET"]}}],"collection":[{"href":"https:\/\/www.ikea-billy-project.de\/index.php?rest_route=\/wp\/v2\/pages"}],"about":[{"href":"https:\/\/www.ikea-billy-project.de\/index.php?rest_route=\/wp\/v2\/types\/page"}],"author":[{"embeddable":true,"href":"https:\/\/www.ikea-billy-project.de\/index.php?rest_route=\/wp\/v2\/users\/1"}],"replies":[{"embeddable":true,"href":"https:\/\/www.ikea-billy-project.de\/index.php?rest_route=%2Fwp%2Fv2%2Fcomments&post=132"}],"version-history":[{"count":14,"href":"https:\/\/www.ikea-billy-project.de\/index.php?rest_route=\/wp\/v2\/pages\/132\/revisions"}],"predecessor-version":[{"id":373,"href":"https:\/\/www.ikea-billy-project.de\/index.php?rest_route=\/wp\/v2\/pages\/132\/revisions\/373"}],"wp:featuredmedia":[{"embeddable":true,"href":"https:\/\/www.ikea-billy-project.de\/index.php?rest_route=\/wp\/v2\/media\/602"}],"wp:attachment":[{"href":"https:\/\/www.ikea-billy-project.de\/index.php?rest_route=%2Fwp%2Fv2%2Fmedia&parent=132"}],"curies":[{"name":"wp","href":"https:\/\/api.w.org\/{rel}","templated":true}]}}