{"id":1252,"date":"2018-07-31T12:34:55","date_gmt":"2018-07-31T10:34:55","guid":{"rendered":"http:\/\/www.ikea-billy-project.de\/?page_id=1252"},"modified":"2018-07-31T12:38:08","modified_gmt":"2018-07-31T10:38:08","slug":"cookie-policy","status":"publish","type":"page","link":"https:\/\/www.ikea-billy-project.de\/?page_id=1252","title":{"rendered":"Cookie-Policy"},"content":{"rendered":"<p>Wir verwenden sogenannte Session-Cookies, um unsere Website zu optimieren. Ein Session-Cookie ist eine kleine Textdatei, die von den jeweiligen Servern beim Besuch einer Internetseite verschickt und auf Ihrer Festplatte zwischengespeichert wird. Diese Datei als solche enth\u00e4lt eine sogenannte Session-ID, mit welcher sich verschiedene Anfragen Ihres Browsers der gemeinsamen Sitzung zuordnen lassen. Dadurch kann Ihr Rechner wiedererkannt werden, wenn Sie auf unsere Website zur\u00fcckkehren. Diese Cookies werden gel\u00f6scht, nachdem Sie Ihren Browser schlie\u00dfen. Sie dienen z. B. dazu, dass Sie die Warenkorbfunktion \u00fcber mehrere Seiten hinweg nutzen k\u00f6nnen.<\/p>\n<p>Wir verwenden in geringem Umfang auch persistente Cookies (ebenfalls kleine Textdateien, die auf Ihrem Endger\u00e4t abgelegt werden), die auf Ihrem Endger\u00e4t verbleiben und es uns erm\u00f6glichen, Ihren Browser beim n\u00e4chsten Besuch wiederzuerkennen. Diese Cookies werden auf Ihrer Festplatte gespeichert und l\u00f6schen sich nach der vorgegebenen Zeit von allein. Ihre Lebensdauer betr\u00e4gt 1 Monat bis 10 Jahre. So k\u00f6nnen wir Ihnen unser Angebot nutzerfreundlicher, effektiver und sicherer pr\u00e4sentieren und Ihnen beispielsweise speziell auf Ihre Interessen abgestimmte Informationen auf der Seite anzeigen.<\/p>\n<p>Unser berechtigtes Interesse an der Nutzung der Cookies gem\u00e4\u00df Art <a title=\"Art. 6 DSGVO: Rechtm\u00e4\u00dfigkeit der Verarbeitung\" href=\"https:\/\/dejure.org\/gesetze\/DSGVO\/6.html\">6<\/a> Abs. 1 S. 1 f) DSGVO liegt darin, unsere Website nutzerfreundlicher, effektiver und sicherer zu machen.<\/p>\n<p>In den Cookies werden etwa folgende Daten und Informationen gespeichert:<\/p>\n<ul>\n<li>Log-In-Informationen<\/li>\n<li>Spracheinstellungen<\/li>\n<li>eingegebene Suchbegriffe<\/li>\n<li>Informationen \u00fcber die Anzahl der Aufrufe unserer Website sowie Nutzung einzelner Funktionen unseres Internetauftritts.<\/li>\n<\/ul>\n<p>Bei Aktivierung des Cookies wird diesem eine Identifikationsnummer zugewiesen und eine Zuordnung Ihrer personenbezogenen Daten zu dieser Identifikationsnummer wird nicht vorgenommen. Ihr Name, Ihre IP-Adresse oder \u00e4hnliche Daten, die eine Zuordnung des Cookies zu Ihnen erm\u00f6glichen w\u00fcrden, werden nicht in den Cookie eingelegt. Auf Basis der Cookie-Technologie erhalten wir lediglich pseudonymisierte Informationen, beispielsweise dar\u00fcber, welche Seiten unseres Shops besucht wurden, welche Produkte angesehen wurden, etc.<\/p>\n<p>Sie k\u00f6nnen Ihren Browser so einstellen, dass Sie \u00fcber das Setzen von Cookies vorab informiert werden und im Einzelfall entscheiden k\u00f6nnen, ob Sie die Annahme von Cookies f\u00fcr bestimmte F\u00e4lle oder generell ausschlie\u00dfen, oder dass Cookies komplett verhindert werden. Dadurch kann die Funktionalit\u00e4t der Website eingeschr\u00e4nkt werden.<\/p>\n","protected":false},"excerpt":{"rendered":"<p>Wir verwenden sogenannte Session-Cookies, um unsere Website zu optimieren. Ein Session-Cookie ist eine kleine Textdatei, die von den jeweiligen Servern beim Besuch einer Internetseite verschickt und auf Ihrer Festplatte zwischengespeichert wird. Diese Datei als solche enth\u00e4lt eine sogenannte Session-ID, mit welcher sich verschiedene Anfragen Ihres Browsers der gemeinsamen Sitzung zuordnen lassen. Dadurch kann Ihr Rechner [&hellip;]<\/p>\n","protected":false},"author":1,"featured_media":0,"parent":0,"menu_order":200,"comment_status":"closed","ping_status":"closed","template":"","meta":{"ngg_post_thumbnail":0,"footnotes":""},"class_list":["post-1252","page","type-page","status-publish","czr-hentry"],"_links":{"self":[{"href":"https:\/\/www.ikea-billy-project.de\/index.php?rest_route=\/wp\/v2\/pages\/1252","targetHints":{"allow":["GET"]}}],"collection":[{"href":"https:\/\/www.ikea-billy-project.de\/index.php?rest_route=\/wp\/v2\/pages"}],"about":[{"href":"https:\/\/www.ikea-billy-project.de\/index.php?rest_route=\/wp\/v2\/types\/page"}],"author":[{"embeddable":true,"href":"https:\/\/www.ikea-billy-project.de\/index.php?rest_route=\/wp\/v2\/users\/1"}],"replies":[{"embeddable":true,"href":"https:\/\/www.ikea-billy-project.de\/index.php?rest_route=%2Fwp%2Fv2%2Fcomments&post=1252"}],"version-history":[{"count":1,"href":"https:\/\/www.ikea-billy-project.de\/index.php?rest_route=\/wp\/v2\/pages\/1252\/revisions"}],"predecessor-version":[{"id":1253,"href":"https:\/\/www.ikea-billy-project.de\/index.php?rest_route=\/wp\/v2\/pages\/1252\/revisions\/1253"}],"wp:attachment":[{"href":"https:\/\/www.ikea-billy-project.de\/index.php?rest_route=%2Fwp%2Fv2%2Fmedia&parent=1252"}],"curies":[{"name":"wp","href":"https:\/\/api.w.org\/{rel}","templated":true}]}}