{"id":1074,"date":"2018-07-20T16:34:25","date_gmt":"2018-07-20T14:34:25","guid":{"rendered":"http:\/\/www.ikea-billy-project.de\/?page_id=1074"},"modified":"2018-07-31T19:36:37","modified_gmt":"2018-07-31T17:36:37","slug":"finales-ergebnis-und-abschliessendes","status":"publish","type":"page","link":"https:\/\/www.ikea-billy-project.de\/?page_id=1074","title":{"rendered":"Finales Ergebnis und Abschlie\u00dfendes"},"content":{"rendered":"<p>Das finale Ergebnis steht. Auch wenn nicht im Detail alle Schritte gezeigt werden konnten und einige Bilder aufgrund eines Missgeschickes verloren gegangen sind, so kann das hier gezeigte Projekt vielleicht f\u00fcr Einige eine Anregung sein, ein eigenes Billy-Projekt zu realisieren.<\/p>\nngg_shortcode_0_placeholder\n<p>&nbsp;<\/p>\n<p>An dieser Stelle sei nochmals darauf hingewiesen, dass Projekt selbst keinesfalls kommerziell war und\/oder ist. Es wurde tats\u00e4chlich von mir privat geplant und realisiert. Ich selbst musste in Bezug auf Werkzeuge und Materialien in den letzten Jahren zum Teil leidvolle Erfahrungen sammeln und gebe, falls ich bestimmte Werkzeuge oder Materialien empfehle, nur meine eigenen Pr\u00e4ferenzen wieder. Ich bin auch keinesfalls handwerklich t\u00e4tig und bitte darum von Anfragen in Bezug auf handwerkliche T\u00e4tigkeiten f\u00fcr Dritte abzusehen.&nbsp;Wenn ich auf dieser Webseite selten in der Ich-Form schreibe liegt das am meisten mit daran, ich erstens kein Selbstdarsteller bin und zweitens mir aufgrund meiner Ausbildungen ein eher n\u00fcchtern und sachlicher Schreibstil immanent ist.<\/p>\n<p>F\u00fcr mich bleiben am Ende nur noch Kleinigkeiten zu erledigen &#8211; etwa meine B\u00fccher einzur\u00e4umen und neue Ideen bei anderen Projekten umzusetzen.<\/p>\n<p>\ud83d\ude42<\/p>\n","protected":false},"excerpt":{"rendered":"<p>Das finale Ergebnis steht. Auch wenn nicht im Detail alle Schritte gezeigt werden konnten und einige Bilder aufgrund eines Missgeschickes verloren gegangen sind, so kann das hier gezeigte Projekt vielleicht f\u00fcr Einige eine Anregung sein, ein eigenes Billy-Projekt zu realisieren. &#8220; order_by=&#8220;sortorder&#8220; order_direction=&#8220;ASC&#8220; returns=&#8220;included&#8220; maximum_entity_count=&#8220;500&#8243;] &nbsp; An dieser Stelle sei nochmals darauf hingewiesen, dass Projekt [&hellip;]<\/p>\n","protected":false},"author":1,"featured_media":0,"parent":0,"menu_order":140,"comment_status":"open","ping_status":"closed","template":"","meta":{"ngg_post_thumbnail":0,"footnotes":""},"class_list":["post-1074","page","type-page","status-publish","czr-hentry"],"_links":{"self":[{"href":"https:\/\/www.ikea-billy-project.de\/index.php?rest_route=\/wp\/v2\/pages\/1074","targetHints":{"allow":["GET"]}}],"collection":[{"href":"https:\/\/www.ikea-billy-project.de\/index.php?rest_route=\/wp\/v2\/pages"}],"about":[{"href":"https:\/\/www.ikea-billy-project.de\/index.php?rest_route=\/wp\/v2\/types\/page"}],"author":[{"embeddable":true,"href":"https:\/\/www.ikea-billy-project.de\/index.php?rest_route=\/wp\/v2\/users\/1"}],"replies":[{"embeddable":true,"href":"https:\/\/www.ikea-billy-project.de\/index.php?rest_route=%2Fwp%2Fv2%2Fcomments&post=1074"}],"version-history":[{"count":11,"href":"https:\/\/www.ikea-billy-project.de\/index.php?rest_route=\/wp\/v2\/pages\/1074\/revisions"}],"predecessor-version":[{"id":1256,"href":"https:\/\/www.ikea-billy-project.de\/index.php?rest_route=\/wp\/v2\/pages\/1074\/revisions\/1256"}],"wp:attachment":[{"href":"https:\/\/www.ikea-billy-project.de\/index.php?rest_route=%2Fwp%2Fv2%2Fmedia&parent=1074"}],"curies":[{"name":"wp","href":"https:\/\/api.w.org\/{rel}","templated":true}]}}