{"id":1004,"date":"2018-07-20T01:30:29","date_gmt":"2018-07-19T23:30:29","guid":{"rendered":"http:\/\/www.ikea-billy-project.de\/?page_id=1004"},"modified":"2018-08-25T00:17:28","modified_gmt":"2018-08-24T22:17:28","slug":"schritt-12-multimedia-anschluesse","status":"publish","type":"page","link":"https:\/\/www.ikea-billy-project.de\/?page_id=1004","title":{"rendered":"Schritt 13 &#8211; Multimedia Anschl\u00fcsse"},"content":{"rendered":"<p>Innerhalb der Planungsphase wurden die Multimediaanschl\u00fcsse mit eingeplant und zwar derart, dass realitv flexibel Verkabelungen ausgetauscht werden k\u00f6nnen. In <a href=\"http:\/\/www.ikea-billy-project.de\/?page_id=374\">Schritt 5<\/a> wurden die Positionen der in der Wand befindlichen Ger\u00e4teinbaudosen festgehalten. Daher konnten nach der Verbindung der einzelnen Regalelemente untereinander im Anschluss mit einer Lochs\u00e4ge die entsprechenden Bohrungen in der R\u00fcckwand des niedrigen Billy-Regal-Mittelteils erstellt werden. Gl\u00fcck gehabt &#8211; die Bohrungen waren einigerma\u00dfen passgenau. Lediglich der Wandabstand muss mit Putzausgleichsringen \u00fcberbr\u00fcckt werden, was aber klar war, da die gesamte Regalkonstruktion nicht unmittelbar an der Wand anliegt.<\/p>\nngg_shortcode_0_placeholder\n<p>Oben im Bild sind verschiedene Ger\u00e4teeins\u00e4tze zu sehen. So etwa eine gew\u00f6hnliche Steckdose, eine Antennenanschlussdose, universelle Anschluss-\/Netzwerkanschlussdose Cat6A (Rutenbeck), Anschlussdose f\u00fcr Audio, HDMI-Anschlussdose (Rutenbeck), mehrere Blindabdeckungen die ungenutze Leerdosen abdecken. Rechts neben den Kombinationen ist ein momentan ungenutzer Kabelauslass zu sehen, dieser korrespondiert mit dem jederzeit nutzbaren Kabelauslass, der bei der <a href=\"http:\/\/www.ikea-billy-project.de\/?page_id=604\">Erstellung der R\u00fcckwand<\/a> zu sehen war.<\/p>\n<p>Der Plan ist eigentlich, dass das unbeleuchete Mitteilteil langfristig eine Audio Anlage beherbergt. Die oben in den Bildern untere Ger\u00e4tedosenreihe hat eine Verbindung \u00fcber Leerrohre zu einer anderen Raumecke in der ggf. ein Computer Audio- und Videoinhalte steuert. Jede Anschlussdose der unteren Reihe hat also eine korrespondierende Anschlussdose an anderer Stelle. Auch jetzt k\u00f6nnen sch\u00f6n durch einen Direktanschluss Inhalte \u00fcbertragen\/angezeigt werden. Es kann aber sp\u00e4ter auch jederzeit ein gew\u00f6hnliches TV-Ger\u00e4t installiert werden und \u00fcber die Kabelauslassdosen an den entsprechenden Ger\u00e4tedosen (Sat, Netzwerk, &#8230;) angeschlossen werden. Hier stehen vielf\u00e4ltige Optionen offen. Pr\u00e4feriert wird eine Beamer L\u00f6sung, die noch final umgesetzt werden muss. Momentan nutze ich einen kleinen portablen Beamer, der im Bedarfsfall schnell aufgebaut ist. Langfristig wird ein Beamer an der Decke installiert werden. Da ich eigentlich kein TV schaue (nur wenige Filme auf Abruf), ist das f\u00fcr mich die beste L\u00f6sung. Mit einem Griff ist das Bild abgeh\u00e4ngt und die Vorstellung kann beginnen.<\/p>\n<p>Das untere Bild zeigt die Leinwandgr\u00f6\u00dfe bei Nutzung eines Beamers (Beleuchtung in den Kinomodus gedimmt). Hier steht eine Diagonale von 67,8 Zoll (172,1 cm) zur Verf\u00fcgung. Die Bildbreite betr\u00e4gt dann ziemlich genau 150 cm.<\/p>\nngg_shortcode_1_placeholder\n<p>Das obere Bild zeigt den Steuerungspult in einer gegen\u00fcberliegenden Raumecke, von welchem Audio- und Bildaten \u00fcbertragen werden. Der kleine Schreibtisch dient nat\u00fcrlich auch als willkommener Leseort f\u00fcr offline und online Literatur. \ud83d\ude42<\/p>\n<p>&nbsp;<\/p>\n<div id=\"SL_balloon_obj\" style=\"display: block;\">\n<div id=\"SL_button\" class=\"SL_ImTranslatorLogo\" style=\"background: rgba(0, 0, 0, 0) url('moz-extension:\/\/31f5d4af-da83-414c-b3b9-402260e0bd20\/content\/img\/util\/imtranslator-s.png') repeat scroll 0% 0%; display: none; opacity: 1; left: 231px; top: 865px;\">&nbsp;<\/div>\n<div id=\"SL_shadow_translation_result2\" style=\"display: none;\">&nbsp;<\/div>\n<div id=\"SL_shadow_translator\" style=\"display: none;\">\n<div id=\"SL_planshet\">\n<div id=\"SL_arrow_up\" style=\"background: rgba(0, 0, 0, 0) url('moz-extension:\/\/31f5d4af-da83-414c-b3b9-402260e0bd20\/content\/img\/util\/up.png') repeat scroll 0% 0%;\">&nbsp;<\/div>\n<div id=\"SL_Bproviders\">\n<div id=\"SL_P0\" class=\"SL_BL_LABLE_ON\" title=\"Google\">G<\/div>\n<div id=\"SL_P1\" class=\"SL_BL_LABLE_ON\" title=\"Microsoft\">M<\/div>\n<div id=\"SL_P2\" class=\"SL_BL_LABLE_ON\" title=\"Translator\">T<\/div>\n<\/div>\n<div id=\"SL_alert_bbl\" style=\"display: none;\">\n<div id=\"SLHKclose\" style=\"background: rgba(0, 0, 0, 0) url('moz-extension:\/\/31f5d4af-da83-414c-b3b9-402260e0bd20\/content\/img\/util\/delete.png') repeat scroll 0% 0%;\">&nbsp;<\/div>\n<div id=\"SL_alert_cont\">&nbsp;<\/div>\n<\/div>\n<div id=\"SL_TB\">\n<table id=\"SL_tables\" cellspacing=\"1\">\n<tbody>\n<tr>\n<td class=\"SL_td\" width=\"10%\" align=\"right\"><input id=\"SL_locer\" title=\"Sprache sichern\" type=\"checkbox\"><\/td>\n<td class=\"SL_td\" width=\"20%\" align=\"left\"><select id=\"SL_lng_from\" style=\"background: #ffffff url('moz-extension:\/\/31f5d4af-da83-414c-b3b9-402260e0bd20\/content\/img\/util\/select.png') no-repeat scroll 100% 0px;\"><option value=\"auto\">Sprache erkennen<\/option><option value=\"af\">Afrikaans<\/option><option value=\"sq\">Albanisch<\/option><option value=\"am\">Amharisch<\/option><option value=\"ar\">Arabisch<\/option><option value=\"hy\">Armenisch<\/option><option value=\"az\">Aserbaidschanisch<\/option><option value=\"eu\">Baskisch<\/option><option value=\"bn\">Bengalisch<\/option><option value=\"my\">Birmanisch<\/option><option value=\"bs\">Bosnisch<\/option><option value=\"bg\">Bulgarisch<\/option><option value=\"ceb\">Cebuano<\/option><option value=\"ny\">Chichewa<\/option><option value=\"zh-TW\">Chinesisch trad<\/option><option value=\"zh-CN\">Chinesisch ver<\/option><option value=\"da\">D\u00e4nisch<\/option><option value=\"de\">Deutsch<\/option><option value=\"en\">Englisch<\/option><option value=\"eo\">Esperanto<\/option><option value=\"et\">Estnisch<\/option><option value=\"tl\">Filipino<\/option><option value=\"fi\">Finnisch<\/option><option value=\"fr\">Franz\u00f6sisch<\/option><option value=\"fy\">Friesisch<\/option><option value=\"gl\">Galizisch<\/option><option value=\"ka\">Georgisch<\/option><option value=\"el\">Griechisch<\/option><option value=\"gu\">Gujarati<\/option><option value=\"ht\">Haitianisch<\/option><option value=\"ha\">Hausa<\/option><option value=\"haw\">Hawaiisch<\/option><option value=\"iw\">Hebr\u00e4isch<\/option><option value=\"hi\">Hindi<\/option><option value=\"hmn\">Hmong<\/option><option value=\"ig\">Igbo<\/option><option value=\"id\">Indonesisch<\/option><option value=\"ga\">Irisch<\/option><option value=\"is\">Isl\u00e4ndisch<\/option><option value=\"it\">Italienisch<\/option><option value=\"ja\">Japanisch<\/option><option value=\"jw\">Javanesisch<\/option><option value=\"yi\">Jiddisch<\/option><option value=\"kn\">Kannada<\/option><option value=\"kk\">Kasachisch<\/option><option value=\"ca\">Katalanisch<\/option><option value=\"km\">Khmer<\/option><option value=\"ky\">Kirgisisch<\/option><option value=\"ko\">Koreanisch<\/option><option value=\"co\">Korsisch<\/option><option value=\"hr\">Kroatisch<\/option><option value=\"ku\">Kurdisch<\/option><option value=\"lo\">Lao<\/option><option value=\"la\">Lateinish<\/option><option value=\"lv\">Lettisch<\/option><option value=\"lt\">Litauisch<\/option><option value=\"lb\">Luxemburgisch<\/option><option value=\"mg\">Malagasy<\/option><option value=\"ml\">Malayalam<\/option><option value=\"ms\">Malaysisch<\/option><option value=\"mt\">Maltesisch<\/option><option value=\"mi\">Maori<\/option><option value=\"mr\">Marathi<\/option><option value=\"mk\">Mazedonisch<\/option><option value=\"mn\">Mongolisch<\/option><option value=\"ne\">Nepalesisch<\/option><option value=\"nl\">Niederl\u00e4ndisch<\/option><option value=\"no\">Norwegisch<\/option><option value=\"ps\">Paschtu<\/option><option value=\"fa\">Persisch<\/option><option value=\"pl\">Polnisch<\/option><option value=\"pt\">Portugiesisch<\/option><option value=\"pa\">Punjabi<\/option><option value=\"ro\">Rum\u00e4nisch<\/option><option value=\"ru\">Russisch<\/option><option value=\"sm\">Samoanisch<\/option><option value=\"gd\">Schottisch-G\u00e4lisch<\/option><option value=\"sv\">Schwedisch<\/option><option value=\"sr\">Serbisch<\/option><option value=\"st\">Sesotho<\/option><option value=\"sn\">Shona<\/option><option value=\"sd\">Sindhi<\/option><option value=\"si\">Singhalesisch<\/option><option value=\"sk\">Slowakisch<\/option><option value=\"sl\">Slowenisch<\/option><option value=\"so\">Somali<\/option><option value=\"es\">Spanisch<\/option><option value=\"sw\">Suaheli<\/option><option value=\"su\">Sundanesisch<\/option><option value=\"tg\">Tadschikisch<\/option><option value=\"ta\">Tamil<\/option><option value=\"te\">Telugu<\/option><option value=\"th\">Thail\u00e4ndisch<\/option><option value=\"cs\">Tschechisch<\/option><option value=\"tr\">T\u00fcrkisch<\/option><option value=\"uk\">Ukrainisch<\/option><option value=\"hu\">Ungarisch<\/option><option value=\"ur\">Urdu<\/option><option value=\"uz\">Uzbekisch<\/option><option value=\"vi\">Vietnamesisch<\/option><option value=\"cy\">Walisisch<\/option><option value=\"be\">Wei\u00dfrussisch<\/option><option value=\"xh\">Xhosa<\/option><option value=\"yo\">Yoruba<\/option><option value=\"zu\">Zulu<\/option><\/select><\/td>\n<td class=\"SL_td\" width=\"3\" align=\"center\">\n<div id=\"SL_switch_b\" style=\"background: rgba(0, 0, 0, 0) url('moz-extension:\/\/31f5d4af-da83-414c-b3b9-402260e0bd20\/content\/img\/util\/switchb.png') repeat scroll 0% 0%;\" title=\"Sprachen umschalten\">&nbsp;<\/div>\n<\/td>\n<td class=\"SL_td\" width=\"20%\" align=\"left\"><select id=\"SL_lng_to\" style=\"background: #ffffff url('moz-extension:\/\/31f5d4af-da83-414c-b3b9-402260e0bd20\/content\/img\/util\/select.png') no-repeat scroll 100% 0px;\"><option value=\"af\">Afrikaans<\/option><option value=\"sq\">Albanisch<\/option><option value=\"am\">Amharisch<\/option><option value=\"ar\">Arabisch<\/option><option value=\"hy\">Armenisch<\/option><option value=\"az\">Aserbaidschanisch<\/option><option value=\"eu\">Baskisch<\/option><option value=\"bn\">Bengalisch<\/option><option value=\"my\">Birmanisch<\/option><option value=\"bs\">Bosnisch<\/option><option value=\"bg\">Bulgarisch<\/option><option value=\"ceb\">Cebuano<\/option><option value=\"ny\">Chichewa<\/option><option value=\"zh-TW\">Chinesisch trad<\/option><option value=\"zh-CN\">Chinesisch ver<\/option><option value=\"da\">D\u00e4nisch<\/option><option selected=\"selected\" value=\"de\">Deutsch<\/option><option value=\"en\">Englisch<\/option><option value=\"eo\">Esperanto<\/option><option value=\"et\">Estnisch<\/option><option value=\"tl\">Filipino<\/option><option value=\"fi\">Finnisch<\/option><option value=\"fr\">Franz\u00f6sisch<\/option><option value=\"fy\">Friesisch<\/option><option value=\"gl\">Galizisch<\/option><option value=\"ka\">Georgisch<\/option><option value=\"el\">Griechisch<\/option><option value=\"gu\">Gujarati<\/option><option value=\"ht\">Haitianisch<\/option><option value=\"ha\">Hausa<\/option><option value=\"haw\">Hawaiisch<\/option><option value=\"iw\">Hebr\u00e4isch<\/option><option value=\"hi\">Hindi<\/option><option value=\"hmn\">Hmong<\/option><option value=\"ig\">Igbo<\/option><option value=\"id\">Indonesisch<\/option><option value=\"ga\">Irisch<\/option><option value=\"is\">Isl\u00e4ndisch<\/option><option value=\"it\">Italienisch<\/option><option value=\"ja\">Japanisch<\/option><option value=\"jw\">Javanesisch<\/option><option value=\"yi\">Jiddisch<\/option><option value=\"kn\">Kannada<\/option><option value=\"kk\">Kasachisch<\/option><option value=\"ca\">Katalanisch<\/option><option value=\"km\">Khmer<\/option><option value=\"ky\">Kirgisisch<\/option><option value=\"ko\">Koreanisch<\/option><option value=\"co\">Korsisch<\/option><option value=\"hr\">Kroatisch<\/option><option value=\"ku\">Kurdisch<\/option><option value=\"lo\">Lao<\/option><option value=\"la\">Lateinish<\/option><option value=\"lv\">Lettisch<\/option><option value=\"lt\">Litauisch<\/option><option value=\"lb\">Luxemburgisch<\/option><option value=\"mg\">Malagasy<\/option><option value=\"ml\">Malayalam<\/option><option value=\"ms\">Malaysisch<\/option><option value=\"mt\">Maltesisch<\/option><option value=\"mi\">Maori<\/option><option value=\"mr\">Marathi<\/option><option value=\"mk\">Mazedonisch<\/option><option value=\"mn\">Mongolisch<\/option><option value=\"ne\">Nepalesisch<\/option><option value=\"nl\">Niederl\u00e4ndisch<\/option><option value=\"no\">Norwegisch<\/option><option value=\"ps\">Paschtu<\/option><option value=\"fa\">Persisch<\/option><option value=\"pl\">Polnisch<\/option><option value=\"pt\">Portugiesisch<\/option><option value=\"pa\">Punjabi<\/option><option value=\"ro\">Rum\u00e4nisch<\/option><option value=\"ru\">Russisch<\/option><option value=\"sm\">Samoanisch<\/option><option value=\"gd\">Schottisch-G\u00e4lisch<\/option><option value=\"sv\">Schwedisch<\/option><option value=\"sr\">Serbisch<\/option><option value=\"st\">Sesotho<\/option><option value=\"sn\">Shona<\/option><option value=\"sd\">Sindhi<\/option><option value=\"si\">Singhalesisch<\/option><option value=\"sk\">Slowakisch<\/option><option value=\"sl\">Slowenisch<\/option><option value=\"so\">Somali<\/option><option value=\"es\">Spanisch<\/option><option value=\"sw\">Suaheli<\/option><option value=\"su\">Sundanesisch<\/option><option value=\"tg\">Tadschikisch<\/option><option value=\"ta\">Tamil<\/option><option value=\"te\">Telugu<\/option><option value=\"th\">Thail\u00e4ndisch<\/option><option value=\"cs\">Tschechisch<\/option><option value=\"tr\">T\u00fcrkisch<\/option><option value=\"uk\">Ukrainisch<\/option><option value=\"hu\">Ungarisch<\/option><option value=\"ur\">Urdu<\/option><option value=\"uz\">Uzbekisch<\/option><option value=\"vi\">Vietnamesisch<\/option><option value=\"cy\">Walisisch<\/option><option value=\"be\">Wei\u00dfrussisch<\/option><option value=\"xh\">Xhosa<\/option><option value=\"yo\">Yoruba<\/option><option value=\"zu\">Zulu<\/option><\/select><\/td>\n<td class=\"SL_td\" width=\"8%\" align=\"center\">\n<div id=\"SL_TTS_voice\" style=\"background: rgba(0, 0, 0, 0) url('moz-extension:\/\/31f5d4af-da83-414c-b3b9-402260e0bd20\/content\/img\/util\/ttsvoice.png') repeat scroll 0% 0%;\" title=\"undefined\">&nbsp;<\/div>\n<\/td>\n<td class=\"SL_td\" width=\"8%\" align=\"center\">\n<div id=\"SL_copy\" class=\"SL_copy\" style=\"background: rgba(0, 0, 0, 0) url('moz-extension:\/\/31f5d4af-da83-414c-b3b9-402260e0bd20\/content\/img\/util\/copy.png') repeat scroll 0% 0%;\" title=\"Kopieren\">&nbsp;<\/div>\n<\/td>\n<td class=\"SL_td\" width=\"8%\" align=\"center\">\n<div id=\"SL_bbl_font_patch\">&nbsp;<\/div>\n<div id=\"SL_bbl_font\" class=\"SL_bbl_font\" style=\"background: rgba(0, 0, 0, 0) url('moz-extension:\/\/31f5d4af-da83-414c-b3b9-402260e0bd20\/content\/img\/util\/font.png') repeat scroll 0% 0%;\" title=\"Schriftgr\u00f6\u00dfe\">&nbsp;<\/div>\n<\/td>\n<td class=\"SL_td\" width=\"8%\" align=\"center\">\n<div id=\"SL_bbl_help\" style=\"background: rgba(0, 0, 0, 0) url('moz-extension:\/\/31f5d4af-da83-414c-b3b9-402260e0bd20\/content\/img\/util\/bhelp.png') repeat scroll 0% 0%;\" title=\"Hilfe\">&nbsp;<\/div>\n<\/td>\n<td class=\"SL_td\" width=\"15%\" align=\"right\">\n<div id=\"SL_pin\" class=\"SL_pin_off\" style=\"background: rgba(0, 0, 0, 0) url('moz-extension:\/\/31f5d4af-da83-414c-b3b9-402260e0bd20\/content\/img\/util\/pin-on.png') repeat scroll 0% 0%;\" title=\"Pop-up-\u00dcbersetzer nageln\">&nbsp;<\/div>\n<\/td>\n<\/tr>\n<\/tbody>\n<\/table>\n<\/div>\n<\/div>\n<div id=\"SL_shadow_translation_result\" style=\"visibility: visible;\">&nbsp;<\/div>\n<div id=\"SL_loading\" class=\"SL_loading\" style=\"background: rgba(0, 0, 0, 0) url('moz-extension:\/\/31f5d4af-da83-414c-b3b9-402260e0bd20\/content\/img\/util\/loading.gif') repeat scroll 0% 0%;\">&nbsp;<\/div>\n<div id=\"SL_player2\">&nbsp;<\/div>\n<div id=\"SL_alert100\">Die Sound-Funktion ist auf 200 Zeichen begrenzt<\/div>\n<div id=\"SL_Balloon_options\" style=\"background: #ffffff url('moz-extension:\/\/31f5d4af-da83-414c-b3b9-402260e0bd20\/content\/img\/util\/bg3.png') repeat scroll 0% 0%;\">\n<div id=\"SL_arrow_down\" style=\"background: rgba(0, 0, 0, 0) url('moz-extension:\/\/31f5d4af-da83-414c-b3b9-402260e0bd20\/content\/img\/util\/down.png') repeat scroll 0% 0%;\">&nbsp;<\/div>\n<table id=\"SL_tbl_opt\" width=\"100%\">\n<tbody>\n<tr>\n<td width=\"5%\" align=\"center\"><input id=\"SL_BBL_locer\" title=\"Schaltfl\u00e4che ImTranslator anzeigen 3 Sekunden\" checked=\"checked\" type=\"checkbox\"><\/td>\n<td width=\"5%\" align=\"left\">\n<div id=\"SL_BBL_IMG\" style=\"background: rgba(0, 0, 0, 0) url('moz-extension:\/\/31f5d4af-da83-414c-b3b9-402260e0bd20\/content\/img\/util\/bbl-logo.png') repeat scroll 0% 0%;\" title=\"Schaltfl\u00e4che ImTranslator anzeigen 3 Sekunden\">&nbsp;<\/div>\n<\/td>\n<td width=\"70%\" align=\"center\"><a class=\"SL_options\" title=\"Optionen anzeigen\" href=\"moz-extension:\/\/31f5d4af-da83-414c-b3b9-402260e0bd20\/content\/html\/options\/options.html?bbl\" target=\"_blank\" rel=\"noopener\">Optionen<\/a> : <a class=\"SL_options\" title=\"\u00dcbersetzungsverlauf\" href=\"moz-extension:\/\/31f5d4af-da83-414c-b3b9-402260e0bd20\/content\/html\/options\/options.html?hist\" target=\"_blank\" rel=\"noopener\">Geschichte<\/a> : <a class=\"SL_options\" title=\"R\u00fcckkoppelung\" href=\"moz-extension:\/\/31f5d4af-da83-414c-b3b9-402260e0bd20\/content\/html\/options\/options.html?feed\" target=\"_blank\" rel=\"noopener\">Feedback<\/a> : <a class=\"SL_options broken_link\" title=\"Beitrag leisten\" href=\"https:\/\/www.paypal.com\/cgi-bin\/webscr?cmd=_s-xclick&amp;hosted_button_id=GD9D8CPW8HFA2\" target=\"_blank\" rel=\"noopener\">Donate<\/a><\/td>\n<td width=\"15%\" align=\"right\"><span id=\"SL_Balloon_Close\" title=\"Schlie\u00dfen\">Schlie\u00dfen<\/span><\/td>\n<\/tr>\n<\/tbody>\n<\/table>\n<\/div>\n<\/div>\n<\/div>\n","protected":false},"excerpt":{"rendered":"<p>Innerhalb der Planungsphase wurden die Multimediaanschl\u00fcsse mit eingeplant und zwar derart, dass realitv flexibel Verkabelungen ausgetauscht werden k\u00f6nnen. In Schritt 5 wurden die Positionen der in der Wand befindlichen Ger\u00e4teinbaudosen festgehalten. Daher konnten nach der Verbindung der einzelnen Regalelemente untereinander im Anschluss mit einer Lochs\u00e4ge die entsprechenden Bohrungen in der R\u00fcckwand des niedrigen Billy-Regal-Mittelteils erstellt [&hellip;]<\/p>\n","protected":false},"author":1,"featured_media":1028,"parent":0,"menu_order":130,"comment_status":"open","ping_status":"closed","template":"","meta":{"ngg_post_thumbnail":0,"footnotes":""},"class_list":["post-1004","page","type-page","status-publish","has-post-thumbnail","czr-hentry"],"_links":{"self":[{"href":"https:\/\/www.ikea-billy-project.de\/index.php?rest_route=\/wp\/v2\/pages\/1004","targetHints":{"allow":["GET"]}}],"collection":[{"href":"https:\/\/www.ikea-billy-project.de\/index.php?rest_route=\/wp\/v2\/pages"}],"about":[{"href":"https:\/\/www.ikea-billy-project.de\/index.php?rest_route=\/wp\/v2\/types\/page"}],"author":[{"embeddable":true,"href":"https:\/\/www.ikea-billy-project.de\/index.php?rest_route=\/wp\/v2\/users\/1"}],"replies":[{"embeddable":true,"href":"https:\/\/www.ikea-billy-project.de\/index.php?rest_route=%2Fwp%2Fv2%2Fcomments&post=1004"}],"version-history":[{"count":23,"href":"https:\/\/www.ikea-billy-project.de\/index.php?rest_route=\/wp\/v2\/pages\/1004\/revisions"}],"predecessor-version":[{"id":1285,"href":"https:\/\/www.ikea-billy-project.de\/index.php?rest_route=\/wp\/v2\/pages\/1004\/revisions\/1285"}],"wp:featuredmedia":[{"embeddable":true,"href":"https:\/\/www.ikea-billy-project.de\/index.php?rest_route=\/wp\/v2\/media\/1028"}],"wp:attachment":[{"href":"https:\/\/www.ikea-billy-project.de\/index.php?rest_route=%2Fwp%2Fv2%2Fmedia&parent=1004"}],"curies":[{"name":"wp","href":"https:\/\/api.w.org\/{rel}","templated":true}]}}